{"id":325,"date":"2019-03-29T05:08:46","date_gmt":"2019-03-29T08:08:46","guid":{"rendered":"http:\/\/192.168.0.110\/kittuu\/?page_id=325"},"modified":"2024-05-29T16:11:42","modified_gmt":"2024-05-29T19:11:42","slug":"cursos","status":"publish","type":"page","link":"https:\/\/centrodiculturaitaliana.com.br\/?page_id=325","title":{"rendered":"Curso Presencial"},"content":{"rendered":"<p>[vc_row][vc_column width=&#8221;1\/2&#8243;][vc_column_text]Do mais b\u00e1sico ao mais avan\u00e7ado, N\u00edveis A1, A2, B1, B2, C1<\/p>\n<h3><span style=\"color: #c12c2c;\">Livello A1\u00a0 elementar<\/span><\/h3>\n<p>Para quem est\u00e1 come\u00e7ando a estudar italiano.<\/p>\n<h3><span style=\"color: #c12c2c;\">Livello A2 elementar<\/span><\/h3>\n<p>Para quem j\u00e1 come\u00e7ou. Compreender express\u00f5es usadas com frequ\u00eancia. Comunicar-se em atividades rotineiras, melhorar seu entendimento de textos, Compreender conversas em italiano.<\/p>\n<h3><span style=\"color: #c12c2c;\">Livello B1 intermedi\u00e1rio e Cittadinanza<\/span><\/h3>\n<p><strong>Escrita<\/strong><br \/>\nEstar em condi\u00e7oes de escrever tudo relacionado as necessidades imediatas,<br \/>\ngram\u00e1tica e vocabul\u00e1rios corretos<\/p>\n<p><strong>Intera\u00e7\u00e3o oral<br \/>\n<\/strong>Capaz de lidar com as situa\u00e7\u00f5es da vida cotidiana, de rotina e sua profiss\u00e3o expressar opini\u00f5es, trocar informa\u00e7\u00f5es, descrever experi\u00eancias e acontecimentos.<\/p>\n<p><strong>Compreens\u00e3o<br \/>\n<\/strong>Ler textos que se referem ao campo de seu interesse alcan\u00e7ando um n\u00edvel suficiente de cocompreens\u00e3o.<\/p>\n<p><strong>Escuta<br \/>\n<\/strong>Capaz de compreender os elementos principais de um discurso e o essencial de muitas transmiss\u00f5es de r\u00e1dio e televis\u00e3o<\/p>\n<h3><span style=\"color: #c12c2c;\">\u00a0Livello B2 intermedi\u00e1rio<\/span><\/h3>\n<p>Capaz de compreender textos complexos, incluindo t\u00e9cnicos e especializa\u00e7\u00e3o, interagir com relativa flu\u00eancia com um falante nativo, e se desenvolver sem fadiga sobre uma ampla variedade de t\u00f3picos.<\/p>\n<h3><span style=\"color: #c12c2c;\">Livello C1 avan\u00e7ado<\/span><\/h3>\n<p>Usa o idioma de maneira eficaz para fins sociais, acad\u00eamicos e profissionais.[\/vc_column_text][\/vc_column][vc_column width=&#8221;1\/2&#8243;][vc_single_image image=&#8221;2169&#8243; img_size=&#8221;full&#8221;][vc_btn title=&#8221;Agende sua aula&#8221; style=&#8221;3d&#8221; color=&#8221;danger&#8221; i_icon_fontawesome=&#8221;far fa-hand-point-right&#8221; add_icon=&#8221;true&#8221; link=&#8221;url:http%3A%2F%2Fcentrodiculturaitaliana.com.br%2F%3Fpage_id%3D2064|title:Agende%20sua%20aula&#8221;][vc_single_image image=&#8221;2162&#8243; img_size=&#8221;500px 333px&#8221;][vc_column_text]<\/p>\n<h3><span style=\"color: #c12c2c;\"><strong>Dias e hor\u00e1rios do curso de Italiano Presencial<\/strong>:<\/span><\/h3>\n<p>Luned\u00ec (Segunda-feira) 15:00 as 17:00 \/ 17:00 as 19:00 \/ 18:00 as 20:00<\/p>\n<p>Marted\u00ec (Ter\u00e7a-feira) 15:00 as 17:00 \/ 17:00 as 19:00 \/ 18:00 as 20:00<\/p>\n<p>Mercoled\u00ec (Quarta-feira) 11:00 as 13:00 \/ 14:00 as 16:00 \/ 16:00 as 18:00 \/ 18:00 as 20:00<\/p>\n<p>Gioved\u00ec (Quinta-feira) 15:00 as 17:00 \/ 17:00 as 19:00 \/ 18:00 as 20:00<\/p>\n<p>Venerdi (Sexta-feira) 15:00 as 17:00 \/ 17:00 as 19:00 \/ 18:00 as 20:00 \/ 19:00 as 21:00<\/p>\n<p>Sabato (S\u00e1bado) 10:00 as 12:00 \/ 11:00 as 13:00 \/ 12:00 as 14:00[\/vc_column_text][\/vc_column][\/vc_row]<\/p>\n","protected":false},"excerpt":{"rendered":"<p>[vc_row][vc_column width=&#8221;1\/2&#8243;][vc_column_text]Do mais b\u00e1sico ao mais avan\u00e7ado, N\u00edveis A1, A2, B1, B2, C1 Livello A1\u00a0 elementar Para quem est\u00e1 come\u00e7ando a estudar italiano. Livello A2 elementar Para quem j\u00e1 come\u00e7ou. Compreender express\u00f5es usadas com frequ\u00eancia. Comunicar-se em atividades rotineiras, melhorar seu entendimento de textos, Compreender conversas em italiano. Livello B1 intermedi\u00e1rio e Cittadinanza Escrita Estar&#8230;<\/p>\n","protected":false},"author":1,"featured_media":0,"parent":0,"menu_order":0,"comment_status":"closed","ping_status":"closed","template":"","meta":{"footnotes":""},"class_list":["post-325","page","type-page","status-publish","hentry"],"_links":{"self":[{"href":"https:\/\/centrodiculturaitaliana.com.br\/index.php?rest_route=\/wp\/v2\/pages\/325","targetHints":{"allow":["GET"]}}],"collection":[{"href":"https:\/\/centrodiculturaitaliana.com.br\/index.php?rest_route=\/wp\/v2\/pages"}],"about":[{"href":"https:\/\/centrodiculturaitaliana.com.br\/index.php?rest_route=\/wp\/v2\/types\/page"}],"author":[{"embeddable":true,"href":"https:\/\/centrodiculturaitaliana.com.br\/index.php?rest_route=\/wp\/v2\/users\/1"}],"replies":[{"embeddable":true,"href":"https:\/\/centrodiculturaitaliana.com.br\/index.php?rest_route=%2Fwp%2Fv2%2Fcomments&post=325"}],"version-history":[{"count":20,"href":"https:\/\/centrodiculturaitaliana.com.br\/index.php?rest_route=\/wp\/v2\/pages\/325\/revisions"}],"predecessor-version":[{"id":2242,"href":"https:\/\/centrodiculturaitaliana.com.br\/index.php?rest_route=\/wp\/v2\/pages\/325\/revisions\/2242"}],"wp:attachment":[{"href":"https:\/\/centrodiculturaitaliana.com.br\/index.php?rest_route=%2Fwp%2Fv2%2Fmedia&parent=325"}],"curies":[{"name":"wp","href":"https:\/\/api.w.org\/{rel}","templated":true}]}}