{"id":2033,"date":"2021-02-20T10:46:44","date_gmt":"2021-02-20T13:46:44","guid":{"rendered":"http:\/\/centrodiculturaitaliana.com.br\/?page_id=2033"},"modified":"2021-08-19T16:37:52","modified_gmt":"2021-08-19T19:37:52","slug":"homecci","status":"publish","type":"page","link":"https:\/\/centrodiculturaitaliana.com.br\/","title":{"rendered":"Centro di Cultura Italiana"},"content":{"rendered":"<p>[vc_row][vc_column width=&#8221;1\/2&#8243;][vc_column_text]<\/p>\n<h1><span style=\"color: #c12c2c;\">BENVENUTI AL CENTRO DI CULTURA ITALIANA<\/span><\/h1>\n<p>Aprenda italiano e sua forma\u00e7\u00e3o linguistica para visitar a It\u00e1lia e respirar sua cultura, sua arte e sua hist\u00f3ria. Saboreie sua beleza em um ambiente descontra\u00eddo e uma atmosfera relaxante[\/vc_column_text][\/vc_column][vc_column width=&#8221;1\/2&#8243;][vc_single_image image=&#8221;1898&#8243; img_size=&#8221;600&#215;600&#8243; css_animation=&#8221;zoomIn&#8221;][\/vc_column][\/vc_row][vc_row][vc_column width=&#8221;1\/2&#8243;][vc_single_image image=&#8221;1899&#8243; img_size=&#8221;600&#8243; css_animation=&#8221;rotateInDownRight&#8221;][\/vc_column][vc_column width=&#8221;1\/2&#8243;][vc_column_text]<\/p>\n<h1><span style=\"color: #3c9b30;\">F\u00c1CIL DE APRENDER,<\/span><br \/>\n<span style=\"color: #3c9b30;\">R\u00c1PIDO PARA FALAR!<\/span><\/h1>\n<p>Com sede na Tijuca, Rio de Janeiro, o Centro di Cultura Italiana h\u00e1 20 anos no mercado, \u00e9 especializado na gest\u00e3o de aulas com benef\u00edcios que v\u00e3o muito al\u00e9m daqueles oferecidos por cursos regulares.[\/vc_column_text][\/vc_column][\/vc_row][vc_row][vc_column width=&#8221;1\/2&#8243;][vc_column_text css_animation=&#8221;fadeInRightBig&#8221;]<img loading=\"lazy\" decoding=\"async\" class=\"alignnone wp-image-1952\" src=\"http:\/\/centrodiculturaitaliana.com.br\/wp-content\/uploads\/2021\/02\/Logo-Unistrasi-2-web-300x207.png\" alt=\"\" width=\"187\" height=\"129\" srcset=\"https:\/\/centrodiculturaitaliana.com.br\/wp-content\/uploads\/2021\/02\/Logo-Unistrasi-2-web-300x207.png 300w, https:\/\/centrodiculturaitaliana.com.br\/wp-content\/uploads\/2021\/02\/Logo-Unistrasi-2-web.png 400w\" sizes=\"auto, (max-width: 187px) 100vw, 187px\" \/><br \/>\nTemos o conv\u00eanio com a\u00a0<strong>Universit\u00e0 per stranieri di Siena<\/strong>\u00a0(Toscana) a qual garante a certifica\u00e7\u00e3o CILS sendo um t\u00edtulo de estudo oficialmente reconhecido que atesta o grau de compet\u00eancia lingu\u00edstica comunicativa em italiano como segunda l\u00edngua.[\/vc_column_text][\/vc_column][vc_column width=&#8221;1\/2&#8243;][vc_btn title=&#8221;Agende sua aula experimental presencial agora!&#8221; style=&#8221;3d&#8221; shape=&#8221;round&#8221; color=&#8221;danger&#8221; size=&#8221;lg&#8221; align=&#8221;center&#8221; i_type=&#8221;openiconic&#8221; i_icon_openiconic=&#8221;vc-oi vc-oi-ok-circle&#8221; button_block=&#8221;true&#8221; add_icon=&#8221;true&#8221; link=&#8221;url:http%3A%2F%2Fcentrodiculturaitaliana.com.br%2F%3Fpage_id%3D2064|title:Agende%20sua%20aula&#8221;][\/vc_column][\/vc_row]<\/p>\n","protected":false},"excerpt":{"rendered":"<p>[vc_row][vc_column width=&#8221;1\/2&#8243;][vc_column_text] BENVENUTI AL CENTRO DI CULTURA ITALIANA Aprenda italiano e sua forma\u00e7\u00e3o linguistica para visitar a It\u00e1lia e respirar sua cultura, sua arte e sua hist\u00f3ria. Saboreie sua beleza em um ambiente descontra\u00eddo e uma atmosfera relaxante[\/vc_column_text][\/vc_column][vc_column width=&#8221;1\/2&#8243;][vc_single_image image=&#8221;1898&#8243; img_size=&#8221;600&#215;600&#8243; css_animation=&#8221;zoomIn&#8221;][\/vc_column][\/vc_row][vc_row][vc_column width=&#8221;1\/2&#8243;][vc_single_image image=&#8221;1899&#8243; img_size=&#8221;600&#8243; css_animation=&#8221;rotateInDownRight&#8221;][\/vc_column][vc_column width=&#8221;1\/2&#8243;][vc_column_text] F\u00c1CIL DE APRENDER, R\u00c1PIDO PARA FALAR! Com sede&#8230;<\/p>\n","protected":false},"author":1,"featured_media":1919,"parent":0,"menu_order":0,"comment_status":"closed","ping_status":"closed","template":"","meta":{"footnotes":""},"class_list":["post-2033","page","type-page","status-publish","has-post-thumbnail","hentry"],"_links":{"self":[{"href":"https:\/\/centrodiculturaitaliana.com.br\/index.php?rest_route=\/wp\/v2\/pages\/2033","targetHints":{"allow":["GET"]}}],"collection":[{"href":"https:\/\/centrodiculturaitaliana.com.br\/index.php?rest_route=\/wp\/v2\/pages"}],"about":[{"href":"https:\/\/centrodiculturaitaliana.com.br\/index.php?rest_route=\/wp\/v2\/types\/page"}],"author":[{"embeddable":true,"href":"https:\/\/centrodiculturaitaliana.com.br\/index.php?rest_route=\/wp\/v2\/users\/1"}],"replies":[{"embeddable":true,"href":"https:\/\/centrodiculturaitaliana.com.br\/index.php?rest_route=%2Fwp%2Fv2%2Fcomments&post=2033"}],"version-history":[{"count":21,"href":"https:\/\/centrodiculturaitaliana.com.br\/index.php?rest_route=\/wp\/v2\/pages\/2033\/revisions"}],"predecessor-version":[{"id":2222,"href":"https:\/\/centrodiculturaitaliana.com.br\/index.php?rest_route=\/wp\/v2\/pages\/2033\/revisions\/2222"}],"wp:featuredmedia":[{"embeddable":true,"href":"https:\/\/centrodiculturaitaliana.com.br\/index.php?rest_route=\/wp\/v2\/media\/1919"}],"wp:attachment":[{"href":"https:\/\/centrodiculturaitaliana.com.br\/index.php?rest_route=%2Fwp%2Fv2%2Fmedia&parent=2033"}],"curies":[{"name":"wp","href":"https:\/\/api.w.org\/{rel}","templated":true}]}}