{"id":1843,"date":"2019-03-23T07:31:40","date_gmt":"2019-03-23T10:31:40","guid":{"rendered":"http:\/\/localhost\/kittuu\/?page_id=8"},"modified":"2021-08-19T16:35:06","modified_gmt":"2021-08-19T19:35:06","slug":"quemsomos","status":"publish","type":"page","link":"https:\/\/centrodiculturaitaliana.com.br\/?page_id=1843","title":{"rendered":"Quem somos"},"content":{"rendered":"<p>[vc_row full_width=&#8221;stretch_row&#8221; content_placement=&#8221;middle&#8221; css=&#8221;.vc_custom_1556542165062{padding-top: 120px !important;padding-bottom: 85px !important;}&#8221;][vc_column][vc_row_inner content_placement=&#8221;top&#8221;][vc_column_inner width=&#8221;1\/2&#8243;][vc_single_image image=&#8221;2173&#8243; img_size=&#8221;full&#8221; css_animation=&#8221;fadeIn&#8221;][\/vc_column_inner][vc_column_inner width=&#8221;1\/2&#8243;]\r\n        <div class=\"rs-heading style7  vc_custom_1613428865515  \">\r\n        \t<div class=\"title-inner\">        \t\t\r\n\t            <span style=\"color: #fda00f\" class=\"sub-text \">Orgulho de ser italiano!<\/span>\r\n\t            \r\n\t            <h2 class=\"title \" style=\"color: #c12c2c\">Fiero di essere italiano!<\/h2>\r\n\t           \r\n\t        <\/div><\/div>[vc_column_text]Com sede na Tijuca, Rio de Janeiro h\u00e1 20 anos, \u00e9 reconhecido e habilitado a certificar a Profici\u00eancia da l\u00edngua pelo Governo Italiano em conv\u00eanio com a Universit\u00e0 per Stranieri di Siena. <a href=\"http:\/\/www.unistrasi.it\">www.unistrasi.it<\/a><\/p>\n<p><img loading=\"lazy\" decoding=\"async\" class=\"alignnone wp-image-1952\" src=\"http:\/\/centrodiculturaitaliana.com.br\/wp-content\/uploads\/2021\/02\/Logo-Unistrasi-2-web-300x207.png\" alt=\"\" width=\"171\" height=\"118\" srcset=\"https:\/\/centrodiculturaitaliana.com.br\/wp-content\/uploads\/2021\/02\/Logo-Unistrasi-2-web-300x207.png 300w, https:\/\/centrodiculturaitaliana.com.br\/wp-content\/uploads\/2021\/02\/Logo-Unistrasi-2-web.png 400w\" sizes=\"auto, (max-width: 171px) 100vw, 171px\" \/>\u00a0 \u00a0 \u00a0 \u00a0 \u00a0 <strong><img loading=\"lazy\" decoding=\"async\" class=\"alignnone wp-image-1951\" src=\"http:\/\/centrodiculturaitaliana.com.br\/wp-content\/uploads\/2021\/02\/cils-2-300x164.png\" alt=\"\" width=\"172\" height=\"94\" srcset=\"https:\/\/centrodiculturaitaliana.com.br\/wp-content\/uploads\/2021\/02\/cils-2-300x164.png 300w, https:\/\/centrodiculturaitaliana.com.br\/wp-content\/uploads\/2021\/02\/cils-2-370x200.png 370w, https:\/\/centrodiculturaitaliana.com.br\/wp-content\/uploads\/2021\/02\/cils-2.png 641w\" sizes=\"auto, (max-width: 172px) 100vw, 172px\" \/><\/strong><\/p>\n<p><strong>Professore Gianluca Pollastri<\/strong><\/p>\n<p>Professor\/tradutor d\u2019italiano formado no \u201cIstituto Vittorio Bottego\u201d \u2013 Autor de v\u00e1rios livros did\u00e1ticos de Italiano e Ingl\u00eas \u2013 Livro de Gramatica Italiana. Fundador do CENTRO DI CULTURA ITALIANA desde 2001.[\/vc_column_text][\/vc_column_inner][\/vc_row_inner][\/vc_column][\/vc_row]<\/p>\n","protected":false},"excerpt":{"rendered":"<p>[vc_row full_width=&#8221;stretch_row&#8221; content_placement=&#8221;middle&#8221; css=&#8221;.vc_custom_1556542165062{padding-top: 120px !important;padding-bottom: 85px !important;}&#8221;][vc_column][vc_row_inner content_placement=&#8221;top&#8221;][vc_column_inner width=&#8221;1\/2&#8243;][vc_single_image image=&#8221;2173&#8243; img_size=&#8221;full&#8221; css_animation=&#8221;fadeIn&#8221;][\/vc_column_inner][vc_column_inner width=&#8221;1\/2&#8243;][vc_column_text]Com sede na Tijuca, Rio de Janeiro h\u00e1 20 anos, \u00e9 reconhecido e habilitado a certificar a Profici\u00eancia da l\u00edngua pelo Governo Italiano em conv\u00eanio com a Universit\u00e0 per Stranieri di Siena. www.unistrasi.it \u00a0 \u00a0 \u00a0 \u00a0 \u00a0 Professore Gianluca Pollastri Professor\/tradutor&#8230;<\/p>\n","protected":false},"author":1,"featured_media":0,"parent":0,"menu_order":0,"comment_status":"closed","ping_status":"closed","template":"","meta":{"footnotes":""},"class_list":["post-1843","page","type-page","status-publish","hentry"],"_links":{"self":[{"href":"https:\/\/centrodiculturaitaliana.com.br\/index.php?rest_route=\/wp\/v2\/pages\/1843","targetHints":{"allow":["GET"]}}],"collection":[{"href":"https:\/\/centrodiculturaitaliana.com.br\/index.php?rest_route=\/wp\/v2\/pages"}],"about":[{"href":"https:\/\/centrodiculturaitaliana.com.br\/index.php?rest_route=\/wp\/v2\/types\/page"}],"author":[{"embeddable":true,"href":"https:\/\/centrodiculturaitaliana.com.br\/index.php?rest_route=\/wp\/v2\/users\/1"}],"replies":[{"embeddable":true,"href":"https:\/\/centrodiculturaitaliana.com.br\/index.php?rest_route=%2Fwp%2Fv2%2Fcomments&post=1843"}],"version-history":[{"count":18,"href":"https:\/\/centrodiculturaitaliana.com.br\/index.php?rest_route=\/wp\/v2\/pages\/1843\/revisions"}],"predecessor-version":[{"id":2221,"href":"https:\/\/centrodiculturaitaliana.com.br\/index.php?rest_route=\/wp\/v2\/pages\/1843\/revisions\/2221"}],"wp:attachment":[{"href":"https:\/\/centrodiculturaitaliana.com.br\/index.php?rest_route=%2Fwp%2Fv2%2Fmedia&parent=1843"}],"curies":[{"name":"wp","href":"https:\/\/api.w.org\/{rel}","templated":true}]}}