{"id":1081,"date":"2019-04-18T12:41:53","date_gmt":"2019-04-18T12:41:53","guid":{"rendered":"http:\/\/192.168.0.110\/kittuu\/?page_id=1081"},"modified":"2022-02-10T14:02:31","modified_gmt":"2022-02-10T17:02:31","slug":"class-routine","status":"publish","type":"page","link":"https:\/\/centrodiculturaitaliana.com.br\/?page_id=1081","title":{"rendered":"Curso OnLine"},"content":{"rendered":"<p>[vc_row][vc_column width=&#8221;1\/2&#8243;][vc_column_text]Quer ver como \u00e9 f\u00e1cil estudar on-line na CULTURA ITALIANA? Cadastre-se abaixo e tenha acesso \u00e0 nossa plataforma DE AULA EXPERIMENTAL PRESENCIAL GR\u00c1TIS Temos certeza que voc\u00ea vai se apaixonar! Cadastre-se e teste agora![\/vc_column_text][vc_btn title=&#8221;Agende sua aula experimental agora!&#8221; color=&#8221;danger&#8221; i_icon_fontawesome=&#8221;far fa-hand-point-right&#8221; add_icon=&#8221;true&#8221; link=&#8221;url:http%3A%2F%2Fcentrodiculturaitaliana.com.br%2F%3Fpage_id%3D2064|title:Agende%20sua%20aula&#8221;][vc_column_text]<\/p>\n<h2><span style=\"color: #c12c2c;\">CULTURA VIP <\/span><\/h2>\n<p>As aulas VIP oferecem aos alunos encontros individuais ou em grupos com o professor nativo para atender \u00e0s suas necessidades espec\u00edficas e proporcionar um melhor percurso formativo. (Vagas limitadas).<\/p>\n<p>O curso \u00e9 articulado desde o n\u00edvel b\u00e1sico A1 \/ A2 (iniciante do zero), intermedi\u00e1rio B1 \/ B2 at\u00e9 o n\u00edvel avan\u00e7ado C1 \/ C2 nosso professor \u00e9 nativo e nossa metodologia \u00e9 personalizada.<\/p>\n<p>Encontros virtuais com professor nativo uma vez na semana com dura\u00e7\u00e3o de 45 minutos a 1 hora cada. (pelas plataformas de live: Whatsapp \u2013 Zoom \u2013 Goole meet &#8211; Skype).<\/p>\n<p>O curso \u00e9 personalizado e direcionado para o objetivo do aluno, evoluindo de acordo com seu pr\u00f3prio ritmo.<\/p>\n<p>In\u00edcio imediato do curso, comece hoje mesmo e receba o material no mesmo dia.<\/p>\n<p>Dia, e hor\u00e1rio a combinar de acordo com a disponibilidade da escola e do aluno.[\/vc_column_text][\/vc_column][vc_column width=&#8221;1\/2&#8243;][vc_column_text]<\/p>\n<h2><span style=\"color: #c12c2c;\">CULTURA ON LINE<\/span><\/h2>\n<h4><span style=\"color: #339966;\">CURSO de ITALIANO on-line TRADICIONAL<\/span><br \/>\n<span style=\"color: #339966;\">atrav\u00e9s da plataforma HOT MART<\/span><\/h4>\n<p>Para quem est\u00e1 come\u00e7ando a estudar italiano. Em plataforma simples e din\u00e2mica. 65 V\u00eddeos aulas explicativas com treino da parte oral. Exerc\u00edcios com gabaritos para verifica\u00e7\u00e3o dos mesmos. Material extra.[\/vc_column_text][vc_btn title=&#8221;Clique aqui e aprenda italiano on line!&#8221; color=&#8221;danger&#8221; i_icon_fontawesome=&#8221;far fa-hand-point-right&#8221; add_icon=&#8221;true&#8221; link=&#8221;url:https%3A%2F%2Fwww.hotmart.com%2Fproduct%2Faprendendo-italiano-on-line%2FU46270135A|title:Aprendendo%20italiano%20on%20line&#8221;][\/vc_column][\/vc_row]<\/p>\n","protected":false},"excerpt":{"rendered":"<p>[vc_row][vc_column width=&#8221;1\/2&#8243;][vc_column_text]Quer ver como \u00e9 f\u00e1cil estudar on-line na CULTURA ITALIANA? Cadastre-se abaixo e tenha acesso \u00e0 nossa plataforma DE AULA EXPERIMENTAL PRESENCIAL GR\u00c1TIS Temos certeza que voc\u00ea vai se apaixonar! Cadastre-se e teste agora![\/vc_column_text][vc_btn title=&#8221;Agende sua aula experimental agora!&#8221; color=&#8221;danger&#8221; i_icon_fontawesome=&#8221;far fa-hand-point-right&#8221; add_icon=&#8221;true&#8221; link=&#8221;url:http%3A%2F%2Fcentrodiculturaitaliana.com.br%2F%3Fpage_id%3D2064|title:Agende%20sua%20aula&#8221;][vc_column_text] CULTURA VIP As aulas VIP oferecem aos alunos encontros individuais&#8230;<\/p>\n","protected":false},"author":1,"featured_media":0,"parent":0,"menu_order":0,"comment_status":"closed","ping_status":"closed","template":"","meta":{"footnotes":""},"class_list":["post-1081","page","type-page","status-publish","hentry"],"_links":{"self":[{"href":"https:\/\/centrodiculturaitaliana.com.br\/index.php?rest_route=\/wp\/v2\/pages\/1081","targetHints":{"allow":["GET"]}}],"collection":[{"href":"https:\/\/centrodiculturaitaliana.com.br\/index.php?rest_route=\/wp\/v2\/pages"}],"about":[{"href":"https:\/\/centrodiculturaitaliana.com.br\/index.php?rest_route=\/wp\/v2\/types\/page"}],"author":[{"embeddable":true,"href":"https:\/\/centrodiculturaitaliana.com.br\/index.php?rest_route=\/wp\/v2\/users\/1"}],"replies":[{"embeddable":true,"href":"https:\/\/centrodiculturaitaliana.com.br\/index.php?rest_route=%2Fwp%2Fv2%2Fcomments&post=1081"}],"version-history":[{"count":12,"href":"https:\/\/centrodiculturaitaliana.com.br\/index.php?rest_route=\/wp\/v2\/pages\/1081\/revisions"}],"predecessor-version":[{"id":2240,"href":"https:\/\/centrodiculturaitaliana.com.br\/index.php?rest_route=\/wp\/v2\/pages\/1081\/revisions\/2240"}],"wp:attachment":[{"href":"https:\/\/centrodiculturaitaliana.com.br\/index.php?rest_route=%2Fwp%2Fv2%2Fmedia&parent=1081"}],"curies":[{"name":"wp","href":"https:\/\/api.w.org\/{rel}","templated":true}]}}